{"id":64,"date":"2016-07-02T11:04:16","date_gmt":"2016-07-02T11:04:16","guid":{"rendered":"http:\/\/deltaacc.co.uk\/?page_id=64"},"modified":"2021-03-04T14:10:03","modified_gmt":"2021-03-04T14:10:03","slug":"contact-us","status":"publish","type":"page","link":"http:\/\/deltaacc.co.uk\/pl\/contact-us","title":{"rendered":"Kontakt"},"content":{"rendered":"<div id=\"pl-64\"  class=\"panel-layout\" ><div id=\"pg-64-0\"  class=\"panel-grid panel-has-style\" ><div style=\"padding: 100px 0; \" data-overlay=\"true\" class=\"panel-row-style panel-row-style-for-64-0\" ><div id=\"pgc-64-0-0\"  class=\"panel-grid-cell\" ><div id=\"panel-64-0-0-0\" class=\"so-panel widget widget_sow-editor panel-first-child\" data-index=\"0\" ><div style=\"text-align: left;\" data-title-color=\"#443f3f\" data-headings-color=\"#443f3f\" class=\"panel-widget-style panel-widget-style-for-64-0-0-0\" ><div class=\"so-widget-sow-editor so-widget-sow-editor-base\">\n<div class=\"siteorigin-widget-tinymce textwidget\">\n\t<h6>Czy jeste\u015b zainteresowany kt\u00f3r\u0105\u015b z naszych us\u0142ug? Je\u015bli tak, chcieliby\u015bmy us\u0142ysze\u0107 od Ciebie!<\/h6>\n<p><strong>Mo\u017cesz porozmawia\u0107 z nami osobi\u015bcie. Nasz adres biura to:<\/strong><\/p>\n<p style=\"text-align: left;\">Delta Accounting Ltd<br \/>\nSugar Mill Business Park<br \/>\nOffice 43 Sugar Mill<br \/>\nOakhurst Road<br \/>\nLeeds, LS11 7HL<\/p>\n<p><strong>Biuro otwarte jest w nastepujacch godzinach:<\/strong><br \/>\nPoniedzialek \u2013 Piatek: 09:30 \u2013 16:00<br \/>\nSaturday: 10:00 \u2013 15:00<br \/>\nNiedziela: Zamkniete<\/p>\n<\/div>\n<\/div><\/div><\/div><div id=\"panel-64-0-0-1\" class=\"so-panel widget widget_sow-editor panel-last-child\" data-index=\"1\" ><div style=\"text-align: left;\" data-title-color=\"#443f3f\" data-headings-color=\"#443f3f\" class=\"panel-widget-style panel-widget-style-for-64-0-0-1\" ><div class=\"so-widget-sow-editor so-widget-sow-editor-base\">\n<div class=\"siteorigin-widget-tinymce textwidget\">\n\t<p><strong>Mo\u017cesz r\u00f3wnie\u017c skontaktowa\u0107 si\u0119 z nami telefonicznie:<\/strong><br \/>\nTel. komorkowy: <strong>07960 668480<br \/>\n<\/strong><\/p>\n<\/div>\n<\/div><\/div><\/div><\/div><div id=\"pgc-64-0-1\"  class=\"panel-grid-cell\" ><div id=\"panel-64-0-1-0\" class=\"so-panel widget widget_sow-editor panel-first-child\" data-index=\"2\" ><div class=\"so-widget-sow-editor so-widget-sow-editor-base\">\n<div class=\"siteorigin-widget-tinymce textwidget\">\n\t<p>\u00a0<\/p>\n<p>\u00a0<\/p>\n<p>\u00a0<\/p>\n<p>Prosz\u0119 u\u017cy\u0107 nast\u0119puj\u0105cego formularza kontaktowego:<\/p>\n<\/div>\n<\/div><\/div><div id=\"panel-64-0-1-1\" class=\"so-panel widget widget_formswidgetwpcfs formsWidgetWpCfs panel-last-child\" data-index=\"3\" ><style type=\"text\/css\" id=\"cspFormShell_9_318987_style\">#cspFormShell_9_318987 {}\n#cspFormShell_9_318987 label {\n\twidth: 100%;\n}\n\/*Fields shell basic*\/\n#cspFormShell_9_318987 input:not([type=\"checkbox\"]):not([type=\"radio\"]),\n#cspFormShell_9_318987 textarea,\n#cspFormShell_9_318987 .cfsListSelect, \n#cspFormShell_9_318987 .cfsCheck,\n#cspFormShell_9_318987 button{\n    padding: 10px;\n    width: 100%;\n    font-size: 18px;\n    line-height: normal;  \tborder: 1px solidrgba(51,51,51,0.1);\n    color:rgba(51,51,51,0.7);\n  \tbackground-color:#f7f7f7;    hyphens: none;\n    border-radius: 0;\n    margin: 0;\n    max-width: 100%;\n    vertical-align: baseline;\n  \tdisplay: block;\n}\n#cspFormShell_9_318987 .cfsFieldShell input[type=\"submit\"]:not([type=\"checkbox\"]):not([type=\"radio\"]), \n#cspFormShell_9_318987 .cfsFieldShell input[type=\"reset\"]:not([type=\"checkbox\"]):not([type=\"radio\"]), \n#cspFormShell_9_318987 .cfsFieldShell input[type=\"button\"],\n#cspFormShell_9_318987 .cfsFieldShell button {\n\tcursor: pointer;\n  \tfont-weight: 700;\n  \t\n    border: 0 none;\n    color: #fff;\n    font-weight: 700;\n    text-transform: uppercase;\n}\n#cspFormShell_9_318987 .cfsFieldShell input[type=\"submit\"]:not([type=\"checkbox\"]):not([type=\"radio\"]), \n#cspFormShell_9_318987 .cfsFieldShell input[type=\"button\"],\n#cspFormShell_9_318987 .cfsFieldShell button {  \tbackground-color: #333333;\n  \tbackground-image: none;}\n#cspFormShell_9_318987 .cfsFieldShell input[type=\"submit\"]:not([type=\"checkbox\"]):not([type=\"radio\"]):hover, \n#cspFormShell_9_318987 .cfsFieldShell input[type=\"button\"]:hover,\n#cspFormShell_9_318987 .cfsFieldShell button:hover {  \tbackground-color:rgba(51,51,51,0.7);}\n#cspFormShell_9_318987 .cfsFieldShell input[type=\"reset\"]:not([type=\"checkbox\"]):not([type=\"radio\"]) {  \tbackground-color: #333333;\n  \tbackground-image: none;}\n#cspFormShell_9_318987 .cfsFieldShell input[type=\"reset\"]:not([type=\"checkbox\"]):not([type=\"radio\"]):hover {  \tbackground-color:rgba(51,51,51,0.7);}\n\/* Placeholder text color -- selectors need to be separate to work. *\/\n#cspFormShell_9_318987 ::-webkit-input-placeholder {\n\tcolor: rgba(51, 51, 51, 0.7);\n}\n#cspFormShell_9_318987 :-moz-placeholder {\n\tcolor: rgba(51, 51, 51, 0.7);\n}\n#cspFormShell_9_318987 ::-moz-placeholder {\n\tcolor: rgba(51, 51, 51, 0.7);\n\topacity: 1; \/* Since FF19 lowers the opacity of the placeholder by default *\/\n}\n#cspFormShell_9_318987 :-ms-input-placeholder {\n\tcolor: rgba(51, 51, 51, 0.7);\n}#cspFormShell_9_318987 { width: 100%}<\/style><div id=\"cspFormShell_9_318987\" class=\"cfsFormShell\"><form class=\"csfForm\" method=\"post\" action=\"http:\/\/deltaacc.co.uk\/pl\/\" data-trp-original-action=\"http:\/\/deltaacc.co.uk\/\">\n<div class=\"supRow cfsFieldsRow\"><div class=\"supSm6 cfsFieldCol\" data-name=\"first_name\" data-type=\"text\"><div class=\"cfsFieldShell cfsField_text\" ><input type=\"text\" name=\"fields[first_name]\" value=\"\" data-name=\"first_name\" required placeholder=\"Imie\" \/><\/div><\/div><div class=\"supSm6 cfsFieldCol\" data-name=\"last_name\" data-type=\"text\"><div class=\"cfsFieldShell cfsField_text\" ><input type=\"text\" name=\"fields[last_name]\" value=\"\" data-name=\"last_name\" placeholder=\"Nazwisko\" \/><\/div><\/div><\/div><div class=\"supRow cfsFieldsRow\"><div class=\"supSm12 cfsFieldCol\" data-name=\"email\" data-type=\"email\"><div class=\"cfsFieldShell cfsField_email\" ><input type=\"email\" name=\"fields[email]\" value=\"\" data-name=\"email\" required placeholder=\"Twoj adres mailowy\" \/><\/div><\/div><\/div><div class=\"supRow cfsFieldsRow\"><div class=\"supSm12 cfsFieldCol\" data-name=\"subject\" data-type=\"text\"><div class=\"cfsFieldShell cfsField_text\" ><input type=\"text\" name=\"fields[subject]\" value=\"\" data-name=\"subject\" required placeholder=\"Temat wiadomosci\" \/><\/div><\/div><\/div><div class=\"supRow cfsFieldsRow\"><div class=\"supSm12 cfsFieldCol\" data-name=\"message\" data-type=\"textarea\"><div class=\"cfsFieldShell cfsField_textarea\" ><textarea name=\"fields[message]\" data-name=\"message\" required placeholder=\"Tresc wiadomosci\" suprows=\"3\" cols=\"50\"><\/textarea><\/div><\/div><\/div><div class=\"supRow cfsFieldsRow\"><div class=\"supSm6 cfsFieldCol\" data-name=\"send\" data-type=\"submit\"><div class=\"cfsFieldShell cfsField_submit\" ><input type=\"submit\" name=\"fields[send]\" value=\"Wyslij\" data-name=\"send\" \/><\/div><\/div><div class=\"supSm6 cfsFieldCol\" data-name=\"reset\" data-type=\"reset\"><div class=\"cfsFieldShell cfsField_reset\" ><input type=\"reset\" name=\"fields[reset]\" value=\"Reset\" data-name=\"reset\" \/><\/div><\/div><\/div>\n<input type=\"hidden\" name=\"mod\" value=\"forms\"  \/><input type=\"hidden\" name=\"action\" value=\"contact\"  \/><input type=\"hidden\" name=\"id\" value=\"9\"  \/><input type=\"hidden\" name=\"_wpnonce\" value=\"8bbc2d96ec\"  \/><div class=\"cfsContactMsg\"><\/div><input type=\"hidden\" name=\"trp-form-language\" value=\"pl\"\/><\/form><\/div><span style=\"display: none !important;\" class=\"cfsFormDesc\">eyJpZCI6IjkiLCJsYWJlbCI6IkNvbnRhY3QxIiwiYWN0aXZlIjoiMSIsIm9yaWdpbmFsX2lkIjoiMSIsInVuaXF1ZV9pZCI6IndlZmoyIiwicGFyYW1zIjp7InRwbCI6eyJ3aWR0aCI6IjEwMCIsIndpZHRoX21lYXN1cmUiOiIlIiwiYmdfdHlwZV8wIjoibm9uZSIsImJnX2ltZ18wIjoiIiwiYmdfY29sb3JfMCI6IiM4MWQ3NDIiLCJiZ190eXBlXzEiOiJjb2xvciIsImJnX2ltZ18xIjoiIiwiYmdfY29sb3JfMSI6IiMzMzMzMzMiLCJiZ190eXBlXzIiOiJjb2xvciIsImJnX2ltZ18yIjoiIiwiYmdfY29sb3JfMiI6IiMzMzMzMzMiLCJiZ190eXBlXzMiOiJjb2xvciIsImJnX2ltZ18zIjoiIiwiYmdfY29sb3JfMyI6IiMzMzMzMzMiLCJmaWVsZF9lcnJvcl9pbnZhbGlkIjoiIiwiZm9ybV9zZW50X21zZyI6IlRoYW5rIHlvdSBmb3IgY29udGFjdGluZyB1cyEiLCJyZWRpcmVjdF9vbl9zdWJtaXQiOiIiLCJ0ZXN0X2VtYWlsIjoiaW5mb0BkZWx0YWFjYy5jby51ayIsInNhdmVfY29udGFjdHMiOiIxIiwiZmllbGRfd3JhcHBlciI6IjxkaXYgW2ZpZWxkX3NoZWxsX2NsYXNzZXNdIFtmaWVsZF9zaGVsbF9zdHlsZXNdPltmaWVsZF08XC9kaXY+In0sImZpZWxkcyI6W3sibGFiZWwiOiIiLCJwbGFjZWhvbGRlciI6IkZpcnN0IE5hbWUiLCJodG1sIjoidGV4dCIsInZhbHVlIjoiIiwibWFuZGF0b3J5IjoiMSIsIm5hbWUiOiJmaXJzdF9uYW1lIiwiYnNfY2xhc3NfaWQiOiI2IiwiZGlzcGxheSI6IiIsIm1pbl9zaXplIjoiIiwibWF4X3NpemUiOiIiLCJhZGRfY2xhc3NlcyI6IiIsImFkZF9zdHlsZXMiOiIiLCJhZGRfYXR0ciI6IiIsInZuX29ubHlfbnVtYmVyIjoiMCIsInZuX29ubHlfbGV0dGVycyI6IjAiLCJ2bl9wYXR0ZXJuIjoiMCIsImRlZl9jaGVja2VkIjoiMCJ9LHsibGFiZWwiOiIiLCJwbGFjZWhvbGRlciI6Ikxhc3QgTmFtZSIsImh0bWwiOiJ0ZXh0IiwidmFsdWUiOiIiLCJtYW5kYXRvcnkiOiIwIiwibmFtZSI6Imxhc3RfbmFtZSIsImJzX2NsYXNzX2lkIjoiNiIsImRpc3BsYXkiOiIiLCJtaW5fc2l6ZSI6IiIsIm1heF9zaXplIjoiIiwiYWRkX2NsYXNzZXMiOiIiLCJhZGRfc3R5bGVzIjoiIiwiYWRkX2F0dHIiOiIiLCJ2bl9vbmx5X251bWJlciI6IjAiLCJ2bl9vbmx5X2xldHRlcnMiOiIwIiwidm5fcGF0dGVybiI6IjAiLCJkZWZfY2hlY2tlZCI6IjAifSx7ImxhYmVsIjoiIiwicGxhY2Vob2xkZXIiOiJFbWFpbCIsImh0bWwiOiJlbWFpbCIsInZhbHVlIjoiIiwibWFuZGF0b3J5IjoiMSIsIm5hbWUiOiJlbWFpbCIsImJzX2NsYXNzX2lkIjoiMTIiLCJkaXNwbGF5Ijoicm93IiwibWluX3NpemUiOiIiLCJtYXhfc2l6ZSI6IiIsImFkZF9jbGFzc2VzIjoiIiwiYWRkX3N0eWxlcyI6IiIsImFkZF9hdHRyIjoiIiwidm5fb25seV9udW1iZXIiOiIwIiwidm5fb25seV9sZXR0ZXJzIjoiMCIsInZuX3BhdHRlcm4iOiIwIiwiZGVmX2NoZWNrZWQiOiIwIn0seyJsYWJlbCI6IiIsInBsYWNlaG9sZGVyIjoiU3ViamVjdCIsImh0bWwiOiJ0ZXh0IiwidmFsdWUiOiIiLCJtYW5kYXRvcnkiOiIxIiwibmFtZSI6InN1YmplY3QiLCJic19jbGFzc19pZCI6IjEyIiwiZGlzcGxheSI6InJvdyIsIm1pbl9zaXplIjoiIiwibWF4X3NpemUiOiIiLCJhZGRfY2xhc3NlcyI6IiIsImFkZF9zdHlsZXMiOiIiLCJhZGRfYXR0ciI6IiIsInZuX29ubHlfbnVtYmVyIjoiMCIsInZuX29ubHlfbGV0dGVycyI6IjAiLCJ2bl9wYXR0ZXJuIjoiMCIsImRlZl9jaGVja2VkIjoiMCJ9LHsibGFiZWwiOiIiLCJwbGFjZWhvbGRlciI6Ik1lc3NhZ2UiLCJodG1sIjoidGV4dGFyZWEiLCJ2YWx1ZSI6IiIsIm1hbmRhdG9yeSI6IjEiLCJuYW1lIjoibWVzc2FnZSIsImJzX2NsYXNzX2lkIjoiMTIiLCJkaXNwbGF5Ijoicm93IiwibWluX3NpemUiOiIiLCJtYXhfc2l6ZSI6IiIsImFkZF9jbGFzc2VzIjoiIiwiYWRkX3N0eWxlcyI6IiIsImFkZF9hdHRyIjoiIiwidm5fb25seV9udW1iZXIiOiIwIiwidm5fb25seV9sZXR0ZXJzIjoiMCIsInZuX3BhdHRlcm4iOiIwIiwiZGVmX2NoZWNrZWQiOiIwIn0seyJsYWJlbCI6IlNlbmQiLCJwbGFjZWhvbGRlciI6IiIsImh0bWwiOiJzdWJtaXQiLCJ2YWx1ZSI6IiIsIm1hbmRhdG9yeSI6IjAiLCJuYW1lIjoic2VuZCIsImJzX2NsYXNzX2lkIjoiNiIsImRpc3BsYXkiOiIiLCJtaW5fc2l6ZSI6IiIsIm1heF9zaXplIjoiIiwiYWRkX2NsYXNzZXMiOiIiLCJhZGRfc3R5bGVzIjoiIiwiYWRkX2F0dHIiOiIiLCJ2bl9vbmx5X251bWJlciI6IjAiLCJ2bl9vbmx5X2xldHRlcnMiOiIwIiwidm5fcGF0dGVybiI6IjAiLCJkZWZfY2hlY2tlZCI6IjAifSx7ImxhYmVsIjoiUmVzZXQiLCJwbGFjZWhvbGRlciI6IiIsImh0bWwiOiJyZXNldCIsInZhbHVlIjoiIiwibWFuZGF0b3J5IjoiMCIsIm5hbWUiOiJyZXNldCIsImJzX2NsYXNzX2lkIjoiNiIsImRpc3BsYXkiOiIiLCJtaW5fc2l6ZSI6IiIsIm1heF9zaXplIjoiIiwiYWRkX2NsYXNzZXMiOiIiLCJhZGRfc3R5bGVzIjoiIiwiYWRkX2F0dHIiOiIiLCJ2bl9vbmx5X251bWJlciI6IjAiLCJ2bl9vbmx5X2xldHRlcnMiOiIwIiwidm5fcGF0dGVybiI6IjAiLCJkZWZfY2hlY2tlZCI6IjAifV0sIm9wdHNfYXR0cnMiOnsiYmdfbnVtYmVyIjoiNCJ9fSwiaW1nX3ByZXZpZXciOiJiYXNlLWNvbnRhY3QuanBnIiwidmlld3MiOiI0NTA0IiwidW5pcXVlX3ZpZXdzIjoiMzMyMiIsImFjdGlvbnMiOiI1MTY4Iiwic29ydF9vcmRlciI6IjAiLCJpc19wcm8iOiIwIiwiYWJfaWQiOiIwIiwiZGF0ZV9jcmVhdGVkIjoiMjAxNi0wNS0wMyAxNTowMTowMyIsImltZ19wcmV2aWV3X3VybCI6Imh0dHA6XC9cL2RlbHRhYWNjLmNvLnVrXC93cC1jb250ZW50XC9wbHVnaW5zXC9jb250YWN0LWZvcm0tYnktc3Vwc3lzdGljXC9hc3NldHNcL2Zvcm1zXC9pbWdcL3ByZXZpZXdcL2Jhc2UtY29udGFjdC5qcGciLCJ2aWV3X2lkIjoiOV8zMTg5ODciLCJ2aWV3X2h0bWxfaWQiOiJjc3BGb3JtU2hlbGxfOV8zMTg5ODciLCJjb25uZWN0X2hhc2giOiJhNzdhYTZhY2IyNmU3Nzc0N2RiZmE5MzlkZDYyM2VjNyJ9<\/span><\/div><\/div><\/div><\/div><\/div>","protected":false},"excerpt":{"rendered":"<p>Are you interested in any of our services? If so, we would love to hear from you ! You can talk to us in person. Our office address is: Delta Accounting Ltd Sugar Mill Business Park Office 43 Sugar Mill Oakhurst Road Leeds, LS11 7HL Our office opening hours are: Monday \u2013 Friday: 09:30 \u2013 [&hellip;]<\/p>","protected":false},"author":1,"featured_media":0,"parent":0,"menu_order":0,"comment_status":"closed","ping_status":"closed","template":"","meta":[],"_links":{"self":[{"href":"http:\/\/deltaacc.co.uk\/pl\/wp-json\/wp\/v2\/pages\/64"}],"collection":[{"href":"http:\/\/deltaacc.co.uk\/pl\/wp-json\/wp\/v2\/pages"}],"about":[{"href":"http:\/\/deltaacc.co.uk\/pl\/wp-json\/wp\/v2\/types\/page"}],"author":[{"embeddable":true,"href":"http:\/\/deltaacc.co.uk\/pl\/wp-json\/wp\/v2\/users\/1"}],"replies":[{"embeddable":true,"href":"http:\/\/deltaacc.co.uk\/pl\/wp-json\/wp\/v2\/comments?post=64"}],"version-history":[{"count":47,"href":"http:\/\/deltaacc.co.uk\/pl\/wp-json\/wp\/v2\/pages\/64\/revisions"}],"predecessor-version":[{"id":206,"href":"http:\/\/deltaacc.co.uk\/pl\/wp-json\/wp\/v2\/pages\/64\/revisions\/206"}],"wp:attachment":[{"href":"http:\/\/deltaacc.co.uk\/pl\/wp-json\/wp\/v2\/media?parent=64"}],"curies":[{"name":"wp","href":"https:\/\/api.w.org\/{rel}","templated":true}]}}