{"id":25,"date":"2016-06-04T11:22:25","date_gmt":"2016-06-04T11:22:25","guid":{"rendered":"http:\/\/deltaacc.co.uk\/?page_id=25"},"modified":"2018-04-09T15:33:28","modified_gmt":"2018-04-09T15:33:28","slug":"home","status":"publish","type":"page","link":"http:\/\/deltaacc.co.uk\/pl\/","title":{"rendered":"Home"},"content":{"rendered":"<div id=\"pl-25\"  class=\"panel-layout\" ><div id=\"pg-25-0\"  class=\"panel-grid panel-has-style\" ><div style=\"padding: 100px 0; \" data-overlay=\"true\" class=\"panel-row-style panel-row-style-for-25-0\" ><div id=\"pgc-25-0-0\"  class=\"panel-grid-cell\" ><div id=\"panel-25-0-0-0\" class=\"so-panel widget widget_sow-editor panel-first-child\" data-index=\"0\" ><div style=\"text-align: left;\" data-title-color=\"#443f3f\" data-headings-color=\"#443f3f\" class=\"panel-widget-style panel-widget-style-for-25-0-0-0\" ><div class=\"so-widget-sow-editor so-widget-sow-editor-base\">\n<div class=\"siteorigin-widget-tinymce textwidget\">\n\t<p>Witamy na stronie Delta Accounting Ltd.<\/p>\n<p>Delta Accounting z dum\u0105 oferuje wysokiej jako\u015bci us\u0142ugi ksi\u0119gowe po konkurencyjnych cenach. Zesp\u00f3\u0142 Delta Accounting kocha numery, ale zdajemy sobie spraw\u0119, \u017ce mo\u017cesz nie czu\u0107 si\u0119 tak samo. Nie martw si\u0119; Naszym zadaniem jest zaj\u0105\u0107 si\u0119 danymi w Twoim imieniu, aby\u015b m\u00f3g\u0142 osi\u0105gn\u0105\u0107 sukces dzi\u0119ki budowaniu udanego biznesu i \u017cycia.<\/p>\n<p>Zapewniamy szereg r\u00f3\u017cnych us\u0142ug ksi\u0119gowych dla os\u00f3b fizycznych, sp\u00f3\u0142ek osobowych i firm. Nasze podej\u015bcie jest spokojne i nieformalne. Chcemy, aby\u015b czu\u0142 si\u0119 komfortowo, pracujac z nami, wi\u0119c nie znajdziesz \u017cadnych zameczajacych ksi\u0119gowych pracuj\u0105cych w naszym biurze!<\/p>\n<p>Nasz\u0105 podstawow\u0105 filozofi\u0105 jest zapewnienie doskona\u0142ej obs\u0142ugi klienta naszym Brytyjskim i Polskim klientom. Oferujemy kompleksowe us\u0142ugi dla wszystkich Twoich obowi\u0105zk\u00f3w w zakresie ksi\u0119gowo\u015bci. Nasz do\u015bwiadczony zesp\u00f3\u0142 jest przyzwyczajony do pracy z ma\u0142ymi firmami i osobami fizycznymi. Biegle w\u0142adamy j\u0119zykiem polskim i angielskim.<\/p>\n<p>Biuro Delta Accounting ma siedzib\u0119 w Leeds, ale dbamy r\u00f3wnie\u017c o klient\u00f3w z Bradford, Wakefield, Dewsbury i okolicac.<\/p>\n<p>Wspolpracujac z nami, jeste\u015b w dobrych r\u0119kach. Niezale\u017cnie od tego, czy jeste\u015b osob\u0105 prywatn\u0105, partnerstwem czy ma\u0142ym przedsi\u0119biorstwem, nasi wysoko wykwalifikowani ksi\u0119gowi s\u0105 tutaj, aby Ci pom\u00f3c.<\/p>\n<p>\u017baden problem nie jest zbyt ma\u0142y dla zespo\u0142u Delta Accounting. Skontaktuj si\u0119 z nami ju\u017c dzi\u015b, razem mo\u017cemy spojrzec na liczby, zaoszcz\u0119dzajac  Twoj czas i pieni\u0105dze.<\/p>\n<\/div>\n<\/div><\/div><\/div><div id=\"panel-25-0-0-1\" class=\"so-panel widget panel-last-child\" data-index=\"1\" ><div style=\"text-align: left;\" data-title-color=\"#443f3f\" data-headings-color=\"#443f3f\" class=\"panel-widget-style panel-widget-style-for-25-0-0-1\" ><\/div><\/div><\/div><\/div><\/div><\/div>","protected":false},"excerpt":{"rendered":"<p>Welcome to the website of Delta Accounting Ltd.Delta Accounting is proud to offer quality bookkeeping services at competitive prices. The team at Delta Accounting love numbers, but we recognise that you might not feel the same way. Don\u2019t worry; our job is to take care of the figures on your behalf, so you can get [&hellip;]<\/p>","protected":false},"author":1,"featured_media":0,"parent":0,"menu_order":0,"comment_status":"closed","ping_status":"closed","template":"","meta":[],"_links":{"self":[{"href":"http:\/\/deltaacc.co.uk\/pl\/wp-json\/wp\/v2\/pages\/25"}],"collection":[{"href":"http:\/\/deltaacc.co.uk\/pl\/wp-json\/wp\/v2\/pages"}],"about":[{"href":"http:\/\/deltaacc.co.uk\/pl\/wp-json\/wp\/v2\/types\/page"}],"author":[{"embeddable":true,"href":"http:\/\/deltaacc.co.uk\/pl\/wp-json\/wp\/v2\/users\/1"}],"replies":[{"embeddable":true,"href":"http:\/\/deltaacc.co.uk\/pl\/wp-json\/wp\/v2\/comments?post=25"}],"version-history":[{"count":9,"href":"http:\/\/deltaacc.co.uk\/pl\/wp-json\/wp\/v2\/pages\/25\/revisions"}],"predecessor-version":[{"id":181,"href":"http:\/\/deltaacc.co.uk\/pl\/wp-json\/wp\/v2\/pages\/25\/revisions\/181"}],"wp:attachment":[{"href":"http:\/\/deltaacc.co.uk\/pl\/wp-json\/wp\/v2\/media?parent=25"}],"curies":[{"name":"wp","href":"https:\/\/api.w.org\/{rel}","templated":true}]}}