{"id":17,"date":"2016-06-04T08:48:04","date_gmt":"2016-06-04T08:48:04","guid":{"rendered":"http:\/\/deltaacc.co.uk\/?page_id=17"},"modified":"2016-08-15T20:29:20","modified_gmt":"2016-08-15T20:29:20","slug":"business-services","status":"publish","type":"page","link":"http:\/\/deltaacc.co.uk\/pl\/business-services","title":{"rendered":"Us\u0142ugi Biznesowe"},"content":{"rendered":"<p>Prowadzenie ksi\u0119gowo\u015bci mo\u017ce by\u0107 niezwykle \u017cmudne, ale je\u015bli chcesz pozosta\u0107 przy swoich dochodach i wydatkach, jest to z\u0142o konieczne. Niekt\u00f3re firmy wol\u0105 dba\u0107 o swoj\u0105 ksi\u0119gowo\u015b\u0107 w domu, ale je\u015bli nie jeste\u015b jednym z nich, nie martw si\u0119, poniewa\u017c Delta Accounting jest tutaj, aby Tobie pom\u00f3c.<\/p>\n<p>Delta Accounting Ltd oferuje szeroki zakres us\u0142ug ksi\u0119gowych dla sp\u00f3\u0142ek osobowych i sp\u00f3\u0142ek z ograniczon\u0105 odpowiedzialno\u015bci\u0105. Mo\u017cemy zaj\u0105\u0107 si\u0119 twoj\u0105 papierkow\u0105 robot\u0105 i rachunkami, dzi\u0119ki czemu mo\u017cesz skoncentrowa\u0107 si\u0119 na prowadzeniu firmy. Dzi\u0119ki naszemu do\u015bwiadczonemu zespo\u0142owi odpowiedzialnemu za prowadzenie ksi\u0105g rachunkowych nie musisz si\u0119 martwi\u0107 o dok\u0142adno\u015b\u0107 swoich danych.<\/p>\n<p>Oferujemy kompleksow\u0105 obs\u0142ug\u0119 ksi\u0119gow\u0105. Zapraszamy do naszego biura w Leeds, lub je\u015bli wolisz, mo\u017cemy przyj\u015b\u0107 do Twojej siedziby. Zajmiemy si\u0119 bie\u017c\u0105cym prowadzeniem ksi\u0105g rachunkowych. Zapewni to spok\u00f3j, wiedz\u0105c, \u017ce liczby s\u0105 prawid\u0142owe i p\u0142acisz odpowiedni\u0105 kwot\u0119 podatku VAT i podatku dochodowego od os\u00f3b prawnych. Mo\u017cemy pom\u00f3c Ci \u015bledzi\u0107 wydatki i przep\u0142ywy pieni\u0119\u017cne, dzi\u0119ki czemu Twoja firma zachowa plynnosc finansowa.<\/p>\n<p>Oferujemy szeroki zakres us\u0142ug dla naszych klient\u00f3w biznesowych, w tym:<\/p>\n<ul>\n<li>Rejestracja nowej firmy lub partnerstwa z Companies House - Czy jeste\u015b gotowy, aby rozpocz\u0105\u0107 nowy biznes? Je\u015bli tak, pozw\u00f3l nam rzuci\u0107 pi\u0142k\u0119.<\/li>\n<li>Sporz\u0105dzanie deklaracji podatkowych firmy - Po rozpocz\u0119ciu dzia\u0142alno\u015bci mo\u017cemy przygotowa\u0107 roczne sprawozdania finansowe i z\u0142o\u017cy\u0107 zeznania podatkowe w urz\u0119dzie skarbowym i urz\u0119dzie celnym. Mo\u017cemy r\u00f3wnie\u017c przygotowa\u0107 deklaracje podatkowe CT 600 zwrot podatku dochodowego, roczne zwroty pracodawc\u00f3w i raporty dyrektor\u00f3w.<\/li>\n<li>VAT - wyliczenie VAT staje si\u0119 coraz bardziej skomplikowane, wi\u0119c je\u015bli VAT dostajesz b\u00f3lu g\u0142owy, nie b\u00f3j si\u0119, bo mo\u017cemy zaj\u0105\u0107 si\u0119 nim w Twoim imieniu. Mo\u017cemy ubiega\u0107 si\u0119 o rejestracj\u0119 VAT, przygotowywa\u0107 i sk\u0142ada\u0107 deklaracje VAT.<\/li>\n<li>P\u0142ace i PAYE - B\u0105d\u017a w pe\u0142ni zgodny z nasz\u0105 us\u0142ug\u0105 P\u0142ace i PAYE. Mo\u017cemy otworzy\u0107 system PAYE dla Twojej firmy, zarz\u0105dza\u0107 tygodniowymi i miesi\u0119cznymi listami p\u0142ac, zapewni\u0107 zgodno\u015b\u0107 z wymaganiami informacyjnymi w czasie rzeczywistym i przetwarza\u0107 p\u0142atno\u015bci w systemie CIS.<\/li>\n<li>Construction Industry Scheme (CIS) - Zapewniamy us\u0142ugi CIS dla kontrahent\u00f3w, w tym rejestracj\u0119 w HMRC, obliczanie p\u0142atno\u015bci podwykonawc\u00f3w w ramach programu, prowadzenie rejestr\u00f3w CIS i przesy\u0142anie miesi\u0119cznych zwrot\u00f3w CIS do HMRC.<\/li>\n<\/ul>\n<p>Outsourcing ksi\u0119gowo\u015bci Twojej firmy, przygotowanie kont, PAYE i P\u0142ace to idealne rozwi\u0105zanie, je\u015bli czujesz si\u0119 przyt\u0142oczony codziennymi obowi\u0105zkami prowadzenia udanego biznesu. Wszystko, co musisz zrobi\u0107, to przekaza\u0107 niezb\u0119dne informacje i pozostawi\u0107 nam ci\u0119\u017ck\u0105 prac\u0119. Tak, to naprawd\u0119 takie proste!<\/p>\n<p>Aby uzyska\u0107 wi\u0119cej informacji na temat naszych us\u0142ug ksi\u0119gowych lub innych us\u0142ug, skontaktuj si\u0119 z nami ju\u017c dzi\u015b.<\/p>","protected":false},"excerpt":{"rendered":"<p>Bookkeeping can be incredibly tedious, but if you want to stay on top of your income and outgoings, it is a necessary evil. Some businesses prefer to take care of their bookkeeping in-house, but if you are not one of them, don\u2019t worry because Delta Accounting is here to help. Delta Accounting Ltd provides a [&hellip;]<\/p>","protected":false},"author":1,"featured_media":0,"parent":0,"menu_order":0,"comment_status":"closed","ping_status":"closed","template":"","meta":[],"_links":{"self":[{"href":"http:\/\/deltaacc.co.uk\/pl\/wp-json\/wp\/v2\/pages\/17"}],"collection":[{"href":"http:\/\/deltaacc.co.uk\/pl\/wp-json\/wp\/v2\/pages"}],"about":[{"href":"http:\/\/deltaacc.co.uk\/pl\/wp-json\/wp\/v2\/types\/page"}],"author":[{"embeddable":true,"href":"http:\/\/deltaacc.co.uk\/pl\/wp-json\/wp\/v2\/users\/1"}],"replies":[{"embeddable":true,"href":"http:\/\/deltaacc.co.uk\/pl\/wp-json\/wp\/v2\/comments?post=17"}],"version-history":[{"count":3,"href":"http:\/\/deltaacc.co.uk\/pl\/wp-json\/wp\/v2\/pages\/17\/revisions"}],"predecessor-version":[{"id":69,"href":"http:\/\/deltaacc.co.uk\/pl\/wp-json\/wp\/v2\/pages\/17\/revisions\/69"}],"wp:attachment":[{"href":"http:\/\/deltaacc.co.uk\/pl\/wp-json\/wp\/v2\/media?parent=17"}],"curies":[{"name":"wp","href":"https:\/\/api.w.org\/{rel}","templated":true}]}}