{"id":15,"date":"2016-06-04T08:47:50","date_gmt":"2016-06-04T08:47:50","guid":{"rendered":"http:\/\/deltaacc.co.uk\/?page_id=15"},"modified":"2018-09-26T11:32:27","modified_gmt":"2018-09-26T11:32:27","slug":"indyvidual-services","status":"publish","type":"page","link":"http:\/\/deltaacc.co.uk\/pl\/indyvidual-services","title":{"rendered":"Us\u0142ugi dla Samozatrudnionych"},"content":{"rendered":"<p>Przygotowywanie kont i sk\u0142adanie deklaracji podatkowych osoby samoozatrudnionej jest stresuj\u0105ce, je\u015bli nie masz do\u015bwiadczenia w prowadzeniu ksi\u0119gowo\u015bci. Zasady s\u0105 myl\u0105ce, a terminy nie zawsze s\u0105 \u0142atwe do dotrzymania, gdy masz milion spraw do za\u0142atwienia. Rozumiemy to, dlatego jeste\u015bmy tutaj, aby Tobie pom\u00f3c.<\/p>\n<p>Delta Accounting mo\u017ce zaj\u0105\u0107 si\u0119 Twoimi osobistymi potrzebami w zakresie ksi\u0119gowo\u015bci i rachunkowo\u015bci. Wsp\u00f3\u0142pracujemy z samozatrudnionymi klientami ze wszystkich dziedzin \u017cycia. Zajmiemy si\u0119 papierkow\u0105 robot\u0105 i prowadzeniem dokumentacji. Dzieki zostawieniu nam wszystko pod kontrola, mo\u017cesz swobodnie \u0142\u0105czy\u0107 si\u0119 swoim \u017cyciem.<\/p>\n<p>Wyobra\u017a sobie, \u017ce nie masz ju\u017c papierkowej roboty, ani nie gonia cie terminy zwrotu podatku. Czy to nie brzmi wspaniale?<\/p>\n<p>Z nasz\u0105 pomoc\u0105 mo\u017cesz z\u0142o\u017cy\u0107 zeznanie podatkowe na czas, bez obawy o dok\u0142adno\u015b\u0107 danych lub obaw, \u017ce mo\u017cesz p\u0142aci\u0107 za du\u017co lub za ma\u0142o podatku.<\/p>\n<p>Cokolwiek potrzebujesz, mo\u017cemy pom\u00f3c, a oto kr\u00f3tki przewodnik us\u0142ug, kt\u00f3re oferujemy naszym klientom indywidualnym:<\/p>\n<ul>\n<li>Rejestracja samozatrudnienia - Czy rozpoczynasz dzia\u0142alno\u015b\u0107 jako freelancer? Je\u015bli tak, mo\u017cemy pom\u00f3c Ci zarejestrowa\u0107 firm\u0119 w HMRC.<\/li>\n<li>Zeznania podatkowego osoby samozatrudnionej - Nie b\u0119dzie ju\u017c \u017cadnych nieprzespanych nocy, kiedy zarejestrujesz si\u0119 w naszej osobistej s\u0142u\u017cbie ksi\u0119gowej. W Twoim imieniu wype\u0142nimy wszystkie niezb\u0119dne dokumenty i zeznania podatkowe, upewniaj\u0105c si\u0119, \u017ce terminy HMRC zosta\u0142y spe\u0142nione.<\/li>\n<li>CIS - Mo\u017cemy okre\u015bli\u0107, czy jeste\u015b pracownikiem, czy podwykonawc\u0105 i zarejestrowa\u0107 ci\u0119 w HMRC. B\u0119dziemy zarz\u0105dza\u0107 twoimi rejestrami biznesowymi i pomo\u017cemy Ci przygotowa\u0107 deklaracj\u0119 podatkow\u0105 do rozliczenia, aby sprawdzi\u0107, czy p\u0142acisz odpowiedni\u0105 kwot\u0119 podatku.<\/li>\n<\/ul>\n<p>Bycie samozatrudnionym mo\u017ce by\u0107 zar\u00f3wno b\u0142ogos\u0142awie\u0144stwem, jak i kl\u0105tw\u0105. Z jednej strony mo\u017cesz pracowa\u0107 wsz\u0119dzie i gdzie chcesz, ale z drugiej strony jeste\u015b odpowiedzialny za w\u0142asne rozliczenia podatkowe i ksi\u0119gowo\u015b\u0107.<\/p>\n<p>Nie wszyscy chc\u0105 zajmowa\u0107 si\u0119 w\u0142asn\u0105 papierkow\u0105 robot\u0105 i ksi\u0119gowo\u015bci\u0105. Je\u015bli nie masz odpowiedniego do\u015bwiadczenia lub po prostu nie masz czasu, aby wykona\u0107 prac\u0119 prawid\u0142owo, zdecydowanie lepiej jest zleci\u0107 t\u0119 prac\u0119 specjali\u015bcie. Rozumiemy to, dlatego cieszymy si\u0119, \u017ce mo\u017cemy zadba\u0107 o twoje ksi\u0119gi rachunkowe, deklaracje podatkowe i administracj\u0119 CIS.<\/p>\n<p>Skontaktuj si\u0119 z nami ju\u017c dzi\u015b, aby porozmawia\u0107 o tym, jak mo\u017cemy u\u0142atwi\u0107 Ci \u017cycie.<\/p>\n<p>&nbsp;<\/p>","protected":false},"excerpt":{"rendered":"<p>Preparing accounts and submitting self-assessment tax returns is stressful if you have no experience of bookkeeping or accountancy. The rules are confusing and the deadlines are not always easy to meet when you have a million and one other problems to deal with. We understand this, which is why we are here to help. Delta [&hellip;]<\/p>","protected":false},"author":1,"featured_media":0,"parent":0,"menu_order":0,"comment_status":"closed","ping_status":"closed","template":"","meta":[],"_links":{"self":[{"href":"http:\/\/deltaacc.co.uk\/pl\/wp-json\/wp\/v2\/pages\/15"}],"collection":[{"href":"http:\/\/deltaacc.co.uk\/pl\/wp-json\/wp\/v2\/pages"}],"about":[{"href":"http:\/\/deltaacc.co.uk\/pl\/wp-json\/wp\/v2\/types\/page"}],"author":[{"embeddable":true,"href":"http:\/\/deltaacc.co.uk\/pl\/wp-json\/wp\/v2\/users\/1"}],"replies":[{"embeddable":true,"href":"http:\/\/deltaacc.co.uk\/pl\/wp-json\/wp\/v2\/comments?post=15"}],"version-history":[{"count":10,"href":"http:\/\/deltaacc.co.uk\/pl\/wp-json\/wp\/v2\/pages\/15\/revisions"}],"predecessor-version":[{"id":192,"href":"http:\/\/deltaacc.co.uk\/pl\/wp-json\/wp\/v2\/pages\/15\/revisions\/192"}],"wp:attachment":[{"href":"http:\/\/deltaacc.co.uk\/pl\/wp-json\/wp\/v2\/media?parent=15"}],"curies":[{"name":"wp","href":"https:\/\/api.w.org\/{rel}","templated":true}]}}